{"id":109,"date":"2022-08-28T08:04:25","date_gmt":"2022-08-28T06:04:25","guid":{"rendered":"https:\/\/metsari.fi\/?page_id=109"},"modified":"2022-08-28T08:05:57","modified_gmt":"2022-08-28T06:05:57","slug":"galleria","status":"publish","type":"page","link":"https:\/\/metsari.fi\/index.php\/galleria\/","title":{"rendered":"Galleria"},"content":{"rendered":"\n<figure class=\"wp-block-gallery has-nested-images columns-default is-cropped wp-block-gallery-1 is-layout-flex wp-block-gallery-is-layout-flex\">\n<figure class=\"wp-block-image size-large\"><img loading=\"lazy\" decoding=\"async\" width=\"869\" height=\"1600\" data-id=\"99\" src=\"https:\/\/metsari.fi\/wp-content\/uploads\/2022\/08\/sahataidetta2.jpg\" alt=\"\" class=\"wp-image-99\" srcset=\"https:\/\/metsari.fi\/wp-content\/uploads\/2022\/08\/sahataidetta2.jpg 869w, https:\/\/metsari.fi\/wp-content\/uploads\/2022\/08\/sahataidetta2-163x300.jpg 163w, https:\/\/metsari.fi\/wp-content\/uploads\/2022\/08\/sahataidetta2-556x1024.jpg 556w, https:\/\/metsari.fi\/wp-content\/uploads\/2022\/08\/sahataidetta2-768x1414.jpg 768w, https:\/\/metsari.fi\/wp-content\/uploads\/2022\/08\/sahataidetta2-834x1536.jpg 834w\" sizes=\"auto, (max-width: 869px) 100vw, 869px\" \/><figcaption>Sahalla taidetta sahasta<\/figcaption><\/figure>\n\n\n\n<figure class=\"wp-block-image size-large\"><img loading=\"lazy\" decoding=\"async\" width=\"1599\" height=\"899\" data-id=\"98\" src=\"https:\/\/metsari.fi\/wp-content\/uploads\/2022\/08\/sahataidetta1.jpg\" alt=\"\" class=\"wp-image-98\" srcset=\"https:\/\/metsari.fi\/wp-content\/uploads\/2022\/08\/sahataidetta1.jpg 1599w, https:\/\/metsari.fi\/wp-content\/uploads\/2022\/08\/sahataidetta1-300x169.jpg 300w, https:\/\/metsari.fi\/wp-content\/uploads\/2022\/08\/sahataidetta1-1024x576.jpg 1024w, https:\/\/metsari.fi\/wp-content\/uploads\/2022\/08\/sahataidetta1-768x432.jpg 768w, https:\/\/metsari.fi\/wp-content\/uploads\/2022\/08\/sahataidetta1-1536x864.jpg 1536w\" sizes=\"auto, (max-width: 1599px) 100vw, 1599px\" \/><figcaption>Pihapuusta taideteokseksi<\/figcaption><\/figure>\n\n\n\n<figure class=\"wp-block-image size-large\"><img loading=\"lazy\" decoding=\"async\" width=\"1599\" height=\"1200\" data-id=\"96\" src=\"https:\/\/metsari.fi\/wp-content\/uploads\/2022\/08\/pihapuu3.jpg\" alt=\"\" class=\"wp-image-96\" srcset=\"https:\/\/metsari.fi\/wp-content\/uploads\/2022\/08\/pihapuu3.jpg 1599w, https:\/\/metsari.fi\/wp-content\/uploads\/2022\/08\/pihapuu3-300x225.jpg 300w, https:\/\/metsari.fi\/wp-content\/uploads\/2022\/08\/pihapuu3-1024x768.jpg 1024w, https:\/\/metsari.fi\/wp-content\/uploads\/2022\/08\/pihapuu3-768x576.jpg 768w, https:\/\/metsari.fi\/wp-content\/uploads\/2022\/08\/pihapuu3-1536x1153.jpg 1536w\" sizes=\"auto, (max-width: 1599px) 100vw, 1599px\" \/><figcaption>Valmiiksi kallellaan olevan puunkaato esim myrskyn j\u00e4ljilt\u00e4<\/figcaption><\/figure>\n\n\n\n<figure class=\"wp-block-image size-large\"><img loading=\"lazy\" decoding=\"async\" width=\"1600\" height=\"1563\" data-id=\"94\" src=\"https:\/\/metsari.fi\/wp-content\/uploads\/2022\/08\/pihapuu1.jpg\" alt=\"\" class=\"wp-image-94\" srcset=\"https:\/\/metsari.fi\/wp-content\/uploads\/2022\/08\/pihapuu1.jpg 1600w, https:\/\/metsari.fi\/wp-content\/uploads\/2022\/08\/pihapuu1-300x293.jpg 300w, https:\/\/metsari.fi\/wp-content\/uploads\/2022\/08\/pihapuu1-1024x1000.jpg 1024w, https:\/\/metsari.fi\/wp-content\/uploads\/2022\/08\/pihapuu1-768x750.jpg 768w, https:\/\/metsari.fi\/wp-content\/uploads\/2022\/08\/pihapuu1-1536x1500.jpg 1536w\" sizes=\"auto, (max-width: 1600px) 100vw, 1600px\" \/><figcaption>Joskus joudutaan lyhent\u00e4m\u00e4\u00e4n tilan puutteen takia my\u00f6s latvasta<\/figcaption><\/figure>\n\n\n\n<figure class=\"wp-block-image size-large\"><img loading=\"lazy\" decoding=\"async\" width=\"1599\" height=\"1200\" data-id=\"95\" src=\"https:\/\/metsari.fi\/wp-content\/uploads\/2022\/08\/pihapuu2.jpg\" alt=\"\" class=\"wp-image-95\" srcset=\"https:\/\/metsari.fi\/wp-content\/uploads\/2022\/08\/pihapuu2.jpg 1599w, https:\/\/metsari.fi\/wp-content\/uploads\/2022\/08\/pihapuu2-300x225.jpg 300w, https:\/\/metsari.fi\/wp-content\/uploads\/2022\/08\/pihapuu2-1024x768.jpg 1024w, https:\/\/metsari.fi\/wp-content\/uploads\/2022\/08\/pihapuu2-768x576.jpg 768w, https:\/\/metsari.fi\/wp-content\/uploads\/2022\/08\/pihapuu2-1536x1153.jpg 1536w\" sizes=\"auto, (max-width: 1599px) 100vw, 1599px\" \/><figcaption>Kaadot rakennusten v\u00e4list\u00e4 tai v\u00e4liin<\/figcaption><\/figure>\n\n\n\n<figure class=\"wp-block-image size-large\"><img loading=\"lazy\" decoding=\"async\" width=\"1600\" height=\"1200\" data-id=\"97\" src=\"https:\/\/metsari.fi\/wp-content\/uploads\/2022\/08\/rautarakenne.jpg\" alt=\"\" class=\"wp-image-97\" srcset=\"https:\/\/metsari.fi\/wp-content\/uploads\/2022\/08\/rautarakenne.jpg 1600w, https:\/\/metsari.fi\/wp-content\/uploads\/2022\/08\/rautarakenne-300x225.jpg 300w, https:\/\/metsari.fi\/wp-content\/uploads\/2022\/08\/rautarakenne-1024x768.jpg 1024w, https:\/\/metsari.fi\/wp-content\/uploads\/2022\/08\/rautarakenne-768x576.jpg 768w, https:\/\/metsari.fi\/wp-content\/uploads\/2022\/08\/rautarakenne-1536x1152.jpg 1536w\" sizes=\"auto, (max-width: 1600px) 100vw, 1600px\" \/><figcaption>Erilaiset rautarakenteet<\/figcaption><\/figure>\n\n\n\n<figure class=\"wp-block-image size-large\"><img loading=\"lazy\" decoding=\"async\" width=\"1599\" height=\"1200\" data-id=\"101\" src=\"https:\/\/metsari.fi\/wp-content\/uploads\/2022\/08\/vimet2.jpg\" alt=\"\" class=\"wp-image-101\" srcset=\"https:\/\/metsari.fi\/wp-content\/uploads\/2022\/08\/vimet2.jpg 1599w, https:\/\/metsari.fi\/wp-content\/uploads\/2022\/08\/vimet2-300x225.jpg 300w, https:\/\/metsari.fi\/wp-content\/uploads\/2022\/08\/vimet2-1024x768.jpg 1024w, https:\/\/metsari.fi\/wp-content\/uploads\/2022\/08\/vimet2-768x576.jpg 768w, https:\/\/metsari.fi\/wp-content\/uploads\/2022\/08\/vimet2-1536x1153.jpg 1536w\" sizes=\"auto, (max-width: 1599px) 100vw, 1599px\" \/><figcaption>Maastoon ei j\u00e4\u00e4 leveit\u00e4 ajouria kun kalusto on sopivan kokoista<\/figcaption><\/figure>\n\n\n\n<figure class=\"wp-block-image size-large\"><img loading=\"lazy\" decoding=\"async\" width=\"1312\" height=\"1126\" data-id=\"100\" src=\"https:\/\/metsari.fi\/wp-content\/uploads\/2022\/08\/vimet1.jpg\" alt=\"\" class=\"wp-image-100\" srcset=\"https:\/\/metsari.fi\/wp-content\/uploads\/2022\/08\/vimet1.jpg 1312w, https:\/\/metsari.fi\/wp-content\/uploads\/2022\/08\/vimet1-300x257.jpg 300w, https:\/\/metsari.fi\/wp-content\/uploads\/2022\/08\/vimet1-1024x879.jpg 1024w, https:\/\/metsari.fi\/wp-content\/uploads\/2022\/08\/vimet1-768x659.jpg 768w\" sizes=\"auto, (max-width: 1312px) 100vw, 1312px\" \/><figcaption>Pienmets\u00e4kone etenee vaivatta my\u00f6s talvikaudella<\/figcaption><\/figure>\n<\/figure>\n","protected":false},"excerpt":{"rendered":"","protected":false},"author":1,"featured_media":0,"parent":0,"menu_order":0,"comment_status":"closed","ping_status":"closed","template":"","meta":{"footnotes":""},"class_list":["post-109","page","type-page","status-publish","hentry"],"_links":{"self":[{"href":"https:\/\/metsari.fi\/index.php\/wp-json\/wp\/v2\/pages\/109","targetHints":{"allow":["GET"]}}],"collection":[{"href":"https:\/\/metsari.fi\/index.php\/wp-json\/wp\/v2\/pages"}],"about":[{"href":"https:\/\/metsari.fi\/index.php\/wp-json\/wp\/v2\/types\/page"}],"author":[{"embeddable":true,"href":"https:\/\/metsari.fi\/index.php\/wp-json\/wp\/v2\/users\/1"}],"replies":[{"embeddable":true,"href":"https:\/\/metsari.fi\/index.php\/wp-json\/wp\/v2\/comments?post=109"}],"version-history":[{"count":2,"href":"https:\/\/metsari.fi\/index.php\/wp-json\/wp\/v2\/pages\/109\/revisions"}],"predecessor-version":[{"id":112,"href":"https:\/\/metsari.fi\/index.php\/wp-json\/wp\/v2\/pages\/109\/revisions\/112"}],"wp:attachment":[{"href":"https:\/\/metsari.fi\/index.php\/wp-json\/wp\/v2\/media?parent=109"}],"curies":[{"name":"wp","href":"https:\/\/api.w.org\/{rel}","templated":true}]}}