{"id":16,"date":"2022-08-27T07:57:16","date_gmt":"2022-08-27T07:57:16","guid":{"rendered":"https:\/\/metsari.fi\/?page_id=16"},"modified":"2022-08-28T07:59:42","modified_gmt":"2022-08-28T05:59:42","slug":"pihapuiden-kaadot","status":"publish","type":"page","link":"https:\/\/metsari.fi\/index.php\/pihapuiden-kaadot\/","title":{"rendered":"Pihapuiden kaadot"},"content":{"rendered":"\n<p>Tavallisesti puu kaadetaan lahovian, harvennustarpeen tai varjostuksen takia, mutta joskus se on vain est\u00e4m\u00e4ss\u00e4 sujuvaa liikkumista. Teemme kaadot varmasti vaikeissakin paikoissa monipuolisen kalustomme ja kokemuksen avulla.<\/p>\n\n\n\n<!--more-->\n\n\n\n<p>Pihapuiden kaadossa haasteet ovat moninaisia. Monesti puut ovat monihaaraisia, l\u00e4hell\u00e4 rakennuksia tai niiden v\u00e4liss\u00e4 ja jopa valmiiksi kallellaan. Lis\u00e4ksi monesti esim. koivun lahoviat aiheuttavat kaatamiseen lis\u00e4haasteita.<\/p>\n\n\n\n<figure class=\"wp-block-gallery has-nested-images columns-default is-cropped wp-block-gallery-1 is-layout-flex wp-block-gallery-is-layout-flex\">\n<figure class=\"wp-block-image size-large\"><img loading=\"lazy\" decoding=\"async\" width=\"1599\" height=\"1200\" data-id=\"96\" src=\"https:\/\/metsari.fi\/wp-content\/uploads\/2022\/08\/pihapuu3.jpg\" alt=\"\" class=\"wp-image-96\" srcset=\"https:\/\/metsari.fi\/wp-content\/uploads\/2022\/08\/pihapuu3.jpg 1599w, https:\/\/metsari.fi\/wp-content\/uploads\/2022\/08\/pihapuu3-300x225.jpg 300w, https:\/\/metsari.fi\/wp-content\/uploads\/2022\/08\/pihapuu3-1024x768.jpg 1024w, https:\/\/metsari.fi\/wp-content\/uploads\/2022\/08\/pihapuu3-768x576.jpg 768w, https:\/\/metsari.fi\/wp-content\/uploads\/2022\/08\/pihapuu3-1536x1153.jpg 1536w\" sizes=\"auto, (max-width: 1599px) 100vw, 1599px\" \/><figcaption>Valmiiksi kallellaan olevan puunkaato esim myrskyn j\u00e4ljilt\u00e4<\/figcaption><\/figure>\n\n\n\n<figure class=\"wp-block-image size-large\"><img loading=\"lazy\" decoding=\"async\" width=\"1599\" height=\"1200\" data-id=\"95\" src=\"https:\/\/metsari.fi\/wp-content\/uploads\/2022\/08\/pihapuu2.jpg\" alt=\"\" class=\"wp-image-95\" srcset=\"https:\/\/metsari.fi\/wp-content\/uploads\/2022\/08\/pihapuu2.jpg 1599w, https:\/\/metsari.fi\/wp-content\/uploads\/2022\/08\/pihapuu2-300x225.jpg 300w, https:\/\/metsari.fi\/wp-content\/uploads\/2022\/08\/pihapuu2-1024x768.jpg 1024w, https:\/\/metsari.fi\/wp-content\/uploads\/2022\/08\/pihapuu2-768x576.jpg 768w, https:\/\/metsari.fi\/wp-content\/uploads\/2022\/08\/pihapuu2-1536x1153.jpg 1536w\" sizes=\"auto, (max-width: 1599px) 100vw, 1599px\" \/><figcaption>Kaadot rakennusten v\u00e4list\u00e4 tai v\u00e4liin<\/figcaption><\/figure>\n\n\n\n<figure class=\"wp-block-image size-large\"><img loading=\"lazy\" decoding=\"async\" width=\"1600\" height=\"1563\" data-id=\"94\" src=\"https:\/\/metsari.fi\/wp-content\/uploads\/2022\/08\/pihapuu1.jpg\" alt=\"\" class=\"wp-image-94\" srcset=\"https:\/\/metsari.fi\/wp-content\/uploads\/2022\/08\/pihapuu1.jpg 1600w, https:\/\/metsari.fi\/wp-content\/uploads\/2022\/08\/pihapuu1-300x293.jpg 300w, https:\/\/metsari.fi\/wp-content\/uploads\/2022\/08\/pihapuu1-1024x1000.jpg 1024w, https:\/\/metsari.fi\/wp-content\/uploads\/2022\/08\/pihapuu1-768x750.jpg 768w, https:\/\/metsari.fi\/wp-content\/uploads\/2022\/08\/pihapuu1-1536x1500.jpg 1536w\" sizes=\"auto, (max-width: 1600px) 100vw, 1600px\" \/><figcaption>Joskus joudutaan lyhent\u00e4m\u00e4\u00e4n tilan puutteen takia my\u00f6s latvasta<\/figcaption><\/figure>\n<\/figure>\n","protected":false},"excerpt":{"rendered":"<p>Tavallisesti puu kaadetaan lahovian, harvennustarpeen tai varjostuksen takia, mutta joskus se on vain est\u00e4m\u00e4ss\u00e4 sujuvaa liikkumista. Teemme kaadot varmasti vaikeissakin paikoissa monipuolisen kalustomme ja kokemuksen avulla.<\/p>\n","protected":false},"author":1,"featured_media":0,"parent":0,"menu_order":0,"comment_status":"closed","ping_status":"closed","template":"","meta":{"footnotes":""},"class_list":["post-16","page","type-page","status-publish","hentry"],"_links":{"self":[{"href":"https:\/\/metsari.fi\/index.php\/wp-json\/wp\/v2\/pages\/16","targetHints":{"allow":["GET"]}}],"collection":[{"href":"https:\/\/metsari.fi\/index.php\/wp-json\/wp\/v2\/pages"}],"about":[{"href":"https:\/\/metsari.fi\/index.php\/wp-json\/wp\/v2\/types\/page"}],"author":[{"embeddable":true,"href":"https:\/\/metsari.fi\/index.php\/wp-json\/wp\/v2\/users\/1"}],"replies":[{"embeddable":true,"href":"https:\/\/metsari.fi\/index.php\/wp-json\/wp\/v2\/comments?post=16"}],"version-history":[{"count":3,"href":"https:\/\/metsari.fi\/index.php\/wp-json\/wp\/v2\/pages\/16\/revisions"}],"predecessor-version":[{"id":103,"href":"https:\/\/metsari.fi\/index.php\/wp-json\/wp\/v2\/pages\/16\/revisions\/103"}],"wp:attachment":[{"href":"https:\/\/metsari.fi\/index.php\/wp-json\/wp\/v2\/media?parent=16"}],"curies":[{"name":"wp","href":"https:\/\/api.w.org\/{rel}","templated":true}]}}