{"id":19,"date":"2022-08-27T07:58:37","date_gmt":"2022-08-27T07:58:37","guid":{"rendered":"https:\/\/metsari.fi\/?page_id=19"},"modified":"2022-08-28T08:28:16","modified_gmt":"2022-08-28T06:28:16","slug":"pienmetsakone","status":"publish","type":"page","link":"https:\/\/metsari.fi\/index.php\/pienmetsakone\/","title":{"rendered":"Pienmets\u00e4kone"},"content":{"rendered":"\n<p>K\u00e4yt\u00e4mme Vimek Minimaster 630 konetta jossa on lis\u00e4varusteina j\u00e4re\u00e4 hydraulihalkaisija sek\u00e4 vinssi jolla isommatkin rungot siirtyv\u00e4t ja my\u00f6s halkeavat vaikka haloiksi asti.<\/p>\n\n\n\n<!--more-->\n\n\n\n<p>Joskus on tarpeen tehd\u00e4 puunpoistoa niin ettei maastoon j\u00e4\u00e4 ylim\u00e4\u00e4r\u00e4isi\u00e4 j\u00e4lki\u00e4 tai leveit\u00e4 ajouria. Pienmets\u00e4kone on t\u00e4ll\u00e4isill\u00e4 kohteilla kustannustehokas tapa toimia.<\/p>\n\n\n\n<figure class=\"wp-block-gallery has-nested-images columns-default is-cropped wp-block-gallery-1 is-layout-flex wp-block-gallery-is-layout-flex\">\n<figure class=\"wp-block-image size-large\"><img loading=\"lazy\" decoding=\"async\" width=\"1312\" height=\"1126\" data-id=\"100\" src=\"https:\/\/metsari.fi\/wp-content\/uploads\/2022\/08\/vimet1.jpg\" alt=\"\" class=\"wp-image-100\" srcset=\"https:\/\/metsari.fi\/wp-content\/uploads\/2022\/08\/vimet1.jpg 1312w, https:\/\/metsari.fi\/wp-content\/uploads\/2022\/08\/vimet1-300x257.jpg 300w, https:\/\/metsari.fi\/wp-content\/uploads\/2022\/08\/vimet1-1024x879.jpg 1024w, https:\/\/metsari.fi\/wp-content\/uploads\/2022\/08\/vimet1-768x659.jpg 768w\" sizes=\"auto, (max-width: 1312px) 100vw, 1312px\" \/><figcaption>Pienmets\u00e4kone etenee vaivatta my\u00f6s talvikaudella<\/figcaption><\/figure>\n\n\n\n<figure class=\"wp-block-image size-large\"><img loading=\"lazy\" decoding=\"async\" width=\"1599\" height=\"1200\" data-id=\"101\" src=\"https:\/\/metsari.fi\/wp-content\/uploads\/2022\/08\/vimet2.jpg\" alt=\"\" class=\"wp-image-101\" srcset=\"https:\/\/metsari.fi\/wp-content\/uploads\/2022\/08\/vimet2.jpg 1599w, https:\/\/metsari.fi\/wp-content\/uploads\/2022\/08\/vimet2-300x225.jpg 300w, https:\/\/metsari.fi\/wp-content\/uploads\/2022\/08\/vimet2-1024x768.jpg 1024w, https:\/\/metsari.fi\/wp-content\/uploads\/2022\/08\/vimet2-768x576.jpg 768w, https:\/\/metsari.fi\/wp-content\/uploads\/2022\/08\/vimet2-1536x1153.jpg 1536w\" sizes=\"auto, (max-width: 1599px) 100vw, 1599px\" \/><figcaption>Maastoon ei j\u00e4\u00e4 leveit\u00e4 ajouria kun kalusto on sopivan kokoista<\/figcaption><\/figure>\n\n\n\n<figure class=\"wp-block-image size-large\"><img loading=\"lazy\" decoding=\"async\" width=\"900\" height=\"675\" data-id=\"14\" src=\"https:\/\/metsari.fi\/wp-content\/uploads\/2022\/08\/vimet_ja_ari.jpg\" alt=\"\" class=\"wp-image-14\" srcset=\"https:\/\/metsari.fi\/wp-content\/uploads\/2022\/08\/vimet_ja_ari.jpg 900w, https:\/\/metsari.fi\/wp-content\/uploads\/2022\/08\/vimet_ja_ari-300x225.jpg 300w, https:\/\/metsari.fi\/wp-content\/uploads\/2022\/08\/vimet_ja_ari-768x576.jpg 768w\" sizes=\"auto, (max-width: 900px) 100vw, 900px\" \/><figcaption>Lis\u00e4varusteena oleva hydraulihalkoja auttaa tekem\u00e4\u00e4n isommistakin puista halkoja helposti<\/figcaption><\/figure>\n\n\n\n<figure class=\"wp-block-image size-large\"><img loading=\"lazy\" decoding=\"async\" width=\"1404\" height=\"1059\" data-id=\"117\" src=\"https:\/\/metsari.fi\/wp-content\/uploads\/2022\/08\/vimek3.jpg\" alt=\"\" class=\"wp-image-117\" srcset=\"https:\/\/metsari.fi\/wp-content\/uploads\/2022\/08\/vimek3.jpg 1404w, https:\/\/metsari.fi\/wp-content\/uploads\/2022\/08\/vimek3-300x226.jpg 300w, https:\/\/metsari.fi\/wp-content\/uploads\/2022\/08\/vimek3-1024x772.jpg 1024w, https:\/\/metsari.fi\/wp-content\/uploads\/2022\/08\/vimek3-768x579.jpg 768w\" sizes=\"auto, (max-width: 1404px) 100vw, 1404px\" \/><\/figure>\n\n\n\n<figure class=\"wp-block-image size-large\"><img loading=\"lazy\" decoding=\"async\" width=\"1061\" height=\"842\" data-id=\"118\" src=\"https:\/\/metsari.fi\/wp-content\/uploads\/2022\/08\/vimek4.jpg\" alt=\"\" class=\"wp-image-118\" srcset=\"https:\/\/metsari.fi\/wp-content\/uploads\/2022\/08\/vimek4.jpg 1061w, https:\/\/metsari.fi\/wp-content\/uploads\/2022\/08\/vimek4-300x238.jpg 300w, https:\/\/metsari.fi\/wp-content\/uploads\/2022\/08\/vimek4-1024x813.jpg 1024w, https:\/\/metsari.fi\/wp-content\/uploads\/2022\/08\/vimek4-768x609.jpg 768w\" sizes=\"auto, (max-width: 1061px) 100vw, 1061px\" \/><\/figure>\n<\/figure>\n","protected":false},"excerpt":{"rendered":"<p>K\u00e4yt\u00e4mme Vimek Minimaster 630 konetta jossa on lis\u00e4varusteina j\u00e4re\u00e4 hydraulihalkaisija sek\u00e4 vinssi jolla isommatkin rungot siirtyv\u00e4t ja my\u00f6s halkeavat vaikka haloiksi asti.<\/p>\n","protected":false},"author":1,"featured_media":0,"parent":0,"menu_order":0,"comment_status":"closed","ping_status":"closed","template":"","meta":{"footnotes":""},"class_list":["post-19","page","type-page","status-publish","hentry"],"_links":{"self":[{"href":"https:\/\/metsari.fi\/index.php\/wp-json\/wp\/v2\/pages\/19","targetHints":{"allow":["GET"]}}],"collection":[{"href":"https:\/\/metsari.fi\/index.php\/wp-json\/wp\/v2\/pages"}],"about":[{"href":"https:\/\/metsari.fi\/index.php\/wp-json\/wp\/v2\/types\/page"}],"author":[{"embeddable":true,"href":"https:\/\/metsari.fi\/index.php\/wp-json\/wp\/v2\/users\/1"}],"replies":[{"embeddable":true,"href":"https:\/\/metsari.fi\/index.php\/wp-json\/wp\/v2\/comments?post=19"}],"version-history":[{"count":5,"href":"https:\/\/metsari.fi\/index.php\/wp-json\/wp\/v2\/pages\/19\/revisions"}],"predecessor-version":[{"id":119,"href":"https:\/\/metsari.fi\/index.php\/wp-json\/wp\/v2\/pages\/19\/revisions\/119"}],"wp:attachment":[{"href":"https:\/\/metsari.fi\/index.php\/wp-json\/wp\/v2\/media?parent=19"}],"curies":[{"name":"wp","href":"https:\/\/api.w.org\/{rel}","templated":true}]}}