{"id":23,"date":"2022-08-27T08:00:57","date_gmt":"2022-08-27T08:00:57","guid":{"rendered":"https:\/\/metsari.fi\/?page_id=23"},"modified":"2022-08-28T08:03:31","modified_gmt":"2022-08-28T06:03:31","slug":"metallirakentaminen","status":"publish","type":"page","link":"https:\/\/metsari.fi\/index.php\/metallirakentaminen\/","title":{"rendered":"Metallirakentaminen"},"content":{"rendered":"\n<p>R\u00e4\u00e4kkyl\u00e4ss\u00e4 sijaitsevassa toimipisteess\u00e4mme suoritamme erilaisia korjaushitsauksia ja muuta metallirakentamista tarpeen mukaan.<\/p>\n\n\n\n<!--more-->\n\n\n<div class=\"wp-block-image\">\n<figure class=\"aligncenter size-medium\"><img loading=\"lazy\" decoding=\"async\" width=\"300\" height=\"225\" src=\"https:\/\/metsari.fi\/wp-content\/uploads\/2022\/08\/rautarakenne-300x225.jpg\" alt=\"\" class=\"wp-image-97\" srcset=\"https:\/\/metsari.fi\/wp-content\/uploads\/2022\/08\/rautarakenne-300x225.jpg 300w, https:\/\/metsari.fi\/wp-content\/uploads\/2022\/08\/rautarakenne-1024x768.jpg 1024w, https:\/\/metsari.fi\/wp-content\/uploads\/2022\/08\/rautarakenne-768x576.jpg 768w, https:\/\/metsari.fi\/wp-content\/uploads\/2022\/08\/rautarakenne-1536x1152.jpg 1536w, https:\/\/metsari.fi\/wp-content\/uploads\/2022\/08\/rautarakenne.jpg 1600w\" sizes=\"auto, (max-width: 300px) 100vw, 300px\" \/><\/figure>\n<\/div>","protected":false},"excerpt":{"rendered":"<p>R\u00e4\u00e4kkyl\u00e4ss\u00e4 sijaitsevassa toimipisteess\u00e4mme suoritamme erilaisia korjaushitsauksia ja muuta metallirakentamista tarpeen mukaan.<\/p>\n","protected":false},"author":1,"featured_media":0,"parent":0,"menu_order":0,"comment_status":"closed","ping_status":"closed","template":"","meta":{"footnotes":""},"class_list":["post-23","page","type-page","status-publish","hentry"],"_links":{"self":[{"href":"https:\/\/metsari.fi\/index.php\/wp-json\/wp\/v2\/pages\/23","targetHints":{"allow":["GET"]}}],"collection":[{"href":"https:\/\/metsari.fi\/index.php\/wp-json\/wp\/v2\/pages"}],"about":[{"href":"https:\/\/metsari.fi\/index.php\/wp-json\/wp\/v2\/types\/page"}],"author":[{"embeddable":true,"href":"https:\/\/metsari.fi\/index.php\/wp-json\/wp\/v2\/users\/1"}],"replies":[{"embeddable":true,"href":"https:\/\/metsari.fi\/index.php\/wp-json\/wp\/v2\/comments?post=23"}],"version-history":[{"count":5,"href":"https:\/\/metsari.fi\/index.php\/wp-json\/wp\/v2\/pages\/23\/revisions"}],"predecessor-version":[{"id":108,"href":"https:\/\/metsari.fi\/index.php\/wp-json\/wp\/v2\/pages\/23\/revisions\/108"}],"wp:attachment":[{"href":"https:\/\/metsari.fi\/index.php\/wp-json\/wp\/v2\/media?parent=23"}],"curies":[{"name":"wp","href":"https:\/\/api.w.org\/{rel}","templated":true}]}}